{"id":18439,"date":"2021-10-26T16:47:43","date_gmt":"2021-10-26T16:47:43","guid":{"rendered":"https:\/\/przedszkole-alwernia.pl\/?page_id=18439"},"modified":"2021-11-07T19:53:39","modified_gmt":"2021-11-07T19:53:39","slug":"poczytaj-mi-mamo","status":"publish","type":"page","link":"https:\/\/przedszkole-alwernia.pl\/?page_id=18439","title":{"rendered":"Poczytaj mi Mamo"},"content":{"rendered":"\n<h1 class=\"wp-block-heading\">Jan Brzechwa<\/h1>\n\n\n<p><strong>Zoo<\/strong><br \/><br \/>Mato\u0142ek raz zwiedza\u0142 zoo<br \/>I wo\u0142a\u0142 co chwila: &#8222;O-o!&#8221;<!--more--><br \/>&#8222;Jaka brzydka papuga!&#8221;<br \/>&#8222;\u017byrafa jest za d\u0142uga!&#8221;<br \/>&#8222;S\u0142o\u0144 za wysoki!&#8221;<br \/>&#8222;A po co komu te foki?&#8221;<br \/>&#8222;Zebra ma farbowane \u017cebra!&#8221;<br \/>&#8222;Tygrys<br \/>Ch\u0119tnie by mnie st\u0105d wygryz\u0142!&#8221;<br \/>&#8222;Na, a zajrzyjmy pod daszek:<br \/>\u017b\u00f3\u0142w &#8211; tu\u015b, bratku, tu\u015b!&#8221;<br \/>&#8222;A to? Ptaszek.<br \/>Niez\u0142y ptaszek &#8211;<br \/>Stru\u015b!&#8221;<br \/>Wreszcie zbli\u017ca si\u0119 do wielb\u0142\u0105da,<br \/>Uwa\u017cnie mu si\u0119 przygl\u0105da<br \/>I powiada wskazuj\u0105c na niego przez kraty:<br \/>&#8222;Owszem, niez\u0142y. Niczego! Szkoda tylko, \u017ce garbaty!&#8221;<br \/><br \/>TYGRYS<br \/>&#8222;Co s\u0142ycha\u0107, panie tygrysie?&#8221;<br \/>&#8222;A nic. Nudzi mi si\u0119.&#8221;<br \/>&#8222;Czy chcia\u0142by pan wyj\u015b\u0107 zza tych krat?&#8221;<br \/>&#8222;Pewnie. Przynajmniej bym pana zjad\u0142.&#8221;<br \/><br \/>STRU\u015a<br \/>Stru\u015b ze strachu<br \/>Ci\u0105gle g\u0142ow\u0119 chowa w piachu,<br \/>Wi\u0119c ma opini\u0119 mazgaja.<br \/>A nadto znosi jaja wielko\u015bci strusiego jaja.<br \/><br \/>PAPUGA<br \/>&#8222;Papu\u017cko, papu\u017cko,<br \/>Powiedz mi co\u015b na uszko.&#8221;<br \/>&#8222;Nic nie powiem, bo\u015b ty plotkarz,<br \/>Powt\u00f3rzysz ka\u017cdemu, kogo spotkasz.&#8221;<br \/><br \/>LIS<br \/>Rudy ojciec, rudy dziadek,<br \/>Rudy ogon &#8211; to m\u00f3j spadek,<br \/>A ja jestem rudy lis.<br \/>Ruszaj st\u0105d, bo b\u0119d\u0119 gryz\u0142.<br \/><br \/>WILK<br \/>Powiem ci w s\u0142owach kilku,<br \/>Co my\u015bl\u0119 o tym wilku:<br \/>Gdyby nie by\u0142 na obrazku,<br \/>Zaraz by ci\u0119 zjad\u0142, g\u0142uptasku.<br \/><br \/>\u017b\u00d3\u0141W<br \/>\u017b\u00f3\u0142w chcia\u0142 pojecha\u0107 kolej\u0105,<br \/>Lecz koleje nie taniej\u0105.<br \/>\u017b\u00f3\u0142wiowi szkoda pieni\u0119dzy:<br \/>&#8222;P\u00f3jd\u0119 pieszo, b\u0119d\u0119 pr\u0119dzej.&#8221;<br \/><br \/>ZEBRA<br \/>Czy ta zebra jest prawdziwa?<br \/>Czy to tak naprawd\u0119 bywa?<br \/>Czy te\u017c malarz z bo\u017cej \u0142aski<br \/>Pomalowa\u0142 os\u0142a w paski?<br \/><br \/>KANGUR<br \/>&#8222;Jakie pan ma stopy du\u017ce,<br \/>Panie kangurze!&#8221;<br \/>&#8222;Wiadomo, dlatego kangury<br \/>W skarpetkach robi\u0105 dziury.&#8221;<br \/><br \/>\u017bUBR<br \/>Pozw\u00f3lcie przedstawi\u0107 sobie:<br \/>Pan \u017cubr we w\u0142asnej osobie.<br \/>No, poka\u017c si\u0119, \u017cubrze. Zr\u00f3b\u017ce<br \/>Min\u0119 uprzejm\u0105, \u017cubrze.<br \/><br \/>DZIK<br \/>Dzik jest dziki, dzik jest z\u0142y,<br \/>Dzik ma bardzo ostre k\u0142y.<br \/>Kto spotyka w lesie dzika,<br \/>Ten na drzewo szybko zmyka.<br \/><br \/>RENIFER<br \/>Przysz\u0142y dwie panie do renifera.<br \/>Renifer na nie spoziera<br \/>I rzecze z galanteri\u0105: &#8222;Bardzo mi przyjemnie,<br \/>\u017be b\u0119d\u0105 panie mia\u0142y r\u0119kawiczki ze mnie.&#8221;<br \/><br \/>MA\u0141PA<br \/>Ma\u0142py skacz\u0105 niedo\u015bcigle,<br \/>Ma\u0142py robi\u0105 ma\u0142pie figle,<br \/>Niech pan spojrzy na pawiana:<br \/>Co za ma\u0142pa, prosz\u0119 pana!<br \/><br \/>KROKODYL<br \/>&#8222;Sk\u0105d ty jeste\u015b, krokodylu?&#8221;<br \/>&#8222;Ja? Znad Nilu.<br \/>Wypu\u015b\u0107 mnie na kilka chwil,<br \/>To zawioz\u0119 ci\u0119 nad Nil.&#8221;<br \/><br \/>\u017bYRAFA<br \/>\u017byrafa tym g\u0142\u00f3wnie \u017cyje,<br \/>\u017be w g\u00f3r\u0119 wyci\u0105ga szyj\u0119.<br \/>A ja zazdroszcz\u0119 \u017cyrafie,<br \/>Ja nie potrafi\u0119.<br \/><br \/>LEW<br \/>Lew ma, wiadomo, pazur lwi,<br \/>Lew sobie z wszystkich wrog\u00f3w drwi.<br \/>Bo jak lew tylko ryknie,<br \/>To wr\u00f3g natychmiast zniknie.<br \/><br \/>NIED\u0179WIED\u0179<br \/>Prosz\u0119 pa\u0144stwa, oto mi\u015b.<br \/>Mi\u015b jest bardzo grzeczny dzi\u015b,<br \/>Ch\u0119tnie pa\u0144stwu \u0142ap\u0119 poda.<br \/>Nie chce poda\u0107? A to szkoda.<br \/><br \/>PANTERA<br \/>Pantera jest ca\u0142a w c\u0119tki,<br \/>A przy tym ma bieg taki pr\u0119dki,<br \/>\u017be chocia\u017c tego nie lubi,<br \/>Biegn\u0105c &#8211; w\u0142asne c\u0119tki gubi.<br \/><br \/>S\u0141O\u0143<br \/>Ten s\u0142o\u0144 nazywa si\u0119 Bombi.<br \/>Ma tr\u0105b\u0119, lecz na niej nie tr\u0105bi.<br \/>Dlaczego? Nie b\u0105d\u017a ciekawy &#8211;<br \/>To jego prywatne sprawy.<br \/><br \/>WIELB\u0141\u0104D<br \/>Wielb\u0142\u0105d d\u017awiga swe dwa garby<br \/>Niczym dwa najwi\u0119ksze skarby<br \/>I jest w bardzo z\u0142ym humorze,<br \/>\u017be trzeciego mie\u0107 nie mo\u017ce.<\/p>\n\n\n<p><strong>Na straganie<\/strong><\/p>\n\n\n\n<p>Na straganie w dzie\u0144 targowy<br>Takie s\u0142yszy si\u0119 rozmowy:<\/p>\n\n\n\n<p>&#8222;Mo\u017ce pan si\u0119 o mnie oprze,<br>Pan tak wi\u0119dnie, panie koprze.&#8221;<\/p>\n\n\n\n<p>&#8222;C\u00f3\u017c si\u0119 dziwi\u0107, m\u00f3j szczypiorku,<br>Le\u017c\u0119 tutaj ju\u017c od wtorku!&#8221;<\/p>\n\n\n\n<p>Rzecze na to kalarepka:<br>&#8222;Sp\u00f3jrz na rzep\u0119 &#8211; ta jest krzepka!&#8221;<\/p>\n\n\n\n<p>Groch po brzuszku rzep\u0119 klepie:<br>&#8222;Jak tam, rzepo? Coraz lepiej?&#8221;<\/p>\n\n\n\n<p>&#8222;Dzi\u0119ki, dzi\u0119ki, panie grochu,<br>Jako\u015b \u017cyje si\u0119 po trochu.<\/p>\n\n\n\n<p>Lecz pietruszka &#8211; z t\u0105 jest gorzej:<br>Blada, chuda, spa\u0107 nie mo\u017ce.&#8221;<\/p>\n\n\n\n<p>&#8222;A to feler&#8221; &#8211;<br>Westchn\u0105\u0142 seler.<\/p>\n\n\n\n<p>Burak stroni od cebuli,<br>A cebula do\u0144 si\u0119 czuli:<\/p>\n\n\n\n<p>&#8222;M\u00f3j Buraku, m\u00f3j czerwony,<br>Czyby\u015b nie chcia\u0142 takiej \u017cony?&#8221;<\/p>\n\n\n\n<p>Burak tylko nos zatyka:<br>&#8222;Niech no pani pr\u0119dzej zmyka,<\/p>\n\n\n\n<p>Ja chc\u0119 \u017con\u0119 mie\u0107 buracz\u0105,<br>Bo przy pani wszyscy p\u0142acz\u0105.&#8221;<\/p>\n\n\n\n<p>&#8222;A to feler&#8221; &#8211;<br>Westchn\u0105\u0142 seler.<\/p>\n\n\n\n<p>Naraz s\u0142ycha\u0107 g\u0142os fasoli:<br>&#8222;Gdzie si\u0119 pani tu gramoli?!&#8221;<\/p>\n\n\n\n<p>&#8222;Nie b\u0105d\u017a dla mnie taka wielka&#8221; &#8211;<br>Odpowiada jej brukselka.<\/p>\n\n\n\n<p>&#8222;Widzieli\u015bcie, jaka krewka!&#8221; &#8211;<br>Zaperzy\u0142a si\u0119 marchewka.<\/p>\n\n\n\n<p>&#8222;Niech rozs\u0105dzi nas kapusta!&#8221;<br>&#8222;Co, kapusta?! G\u0142owa pusta?!&#8221;<\/p>\n\n\n\n<p>A kapusta rzecze smutnie:<br>&#8222;Moi drodzy, po co k\u0142\u00f3tnie,<\/p>\n\n\n\n<p>Po co wasze swary g\u0142upie,<br>Wnet i tak zginiemy w zupie!&#8221;<\/p>\n\n\n\n<p>&#8222;A to feler&#8221; &#8211;<br>Westchn\u0105\u0142 seler.<\/p>\n","protected":false},"excerpt":{"rendered":"<p>Jan Brzechwa Zoo Mato\u0142ek raz zwiedza\u0142 zooI wo\u0142a\u0142 co chwila: &#8222;O-o!&#8221;<\/p>\n","protected":false},"author":2,"featured_media":0,"parent":0,"menu_order":0,"comment_status":"closed","ping_status":"closed","template":"","meta":{"footnotes":""},"class_list":["post-18439","page","type-page","status-publish","hentry"],"_links":{"self":[{"href":"https:\/\/przedszkole-alwernia.pl\/index.php?rest_route=\/wp\/v2\/pages\/18439","targetHints":{"allow":["GET"]}}],"collection":[{"href":"https:\/\/przedszkole-alwernia.pl\/index.php?rest_route=\/wp\/v2\/pages"}],"about":[{"href":"https:\/\/przedszkole-alwernia.pl\/index.php?rest_route=\/wp\/v2\/types\/page"}],"author":[{"embeddable":true,"href":"https:\/\/przedszkole-alwernia.pl\/index.php?rest_route=\/wp\/v2\/users\/2"}],"replies":[{"embeddable":true,"href":"https:\/\/przedszkole-alwernia.pl\/index.php?rest_route=%2Fwp%2Fv2%2Fcomments&post=18439"}],"version-history":[{"count":5,"href":"https:\/\/przedszkole-alwernia.pl\/index.php?rest_route=\/wp\/v2\/pages\/18439\/revisions"}],"predecessor-version":[{"id":18678,"href":"https:\/\/przedszkole-alwernia.pl\/index.php?rest_route=\/wp\/v2\/pages\/18439\/revisions\/18678"}],"wp:attachment":[{"href":"https:\/\/przedszkole-alwernia.pl\/index.php?rest_route=%2Fwp%2Fv2%2Fmedia&parent=18439"}],"curies":[{"name":"wp","href":"https:\/\/api.w.org\/{rel}","templated":true}]}}