{"id":40,"date":"2014-04-11T09:21:56","date_gmt":"2014-04-11T09:21:56","guid":{"rendered":"http:\/\/novarum.home.pl\/autoinstalator\/wordpress11\/?page_id=40"},"modified":"2014-04-11T19:18:15","modified_gmt":"2014-04-11T19:18:15","slug":"przedszkole","status":"publish","type":"page","link":"https:\/\/przedszkole-alwernia.pl\/?page_id=40","title":{"rendered":"Przedszkole"},"content":{"rendered":"<h2>Oferujemy oraz zapewniamy<\/h2>\n<div>\n<ul>\n<li>Wysoko wykwalifikowan\u0105 kadr\u0119 pedagogiczn\u0105.<\/li>\n<li>Mo\u017cliwo\u015b\u0107 korzystania z zaj\u0119\u0107 dodatkowych, takich jak: j. angielski, rytmika, gimnastyka korekcyjna, religia.<\/li>\n<li>Prac\u0119 najnowszymi metodami aktywizuj\u0105cymi.<\/li>\n<li>Prac\u0119 wg w\u0142asnych program\u00f3w autorskich w zakresie edukacji regionalnej, ekologicznej, europejskiej, zdrowotnej, muzycznej.<\/li>\n<li>Uczestnictwo w niekonwencjonalnych zaj\u0119ciach: wyjazdy do teatru, kina, zwiedzanie muze\u00f3w, skansen\u00f3w, wycieczki krajoznawcze.<\/li>\n<\/ul>\n<h2><\/h2>\n<h2>Misja przedszkola<\/h2>\n<div>\n<ul>\n<li>Przedszkole nasze jest plac\u00f3wk\u0105 przyjazn\u0105, innowacyjn\u0105, przygotowuj\u0105c\u0105 dzieci do podj\u0119cia nauki w szkole.<\/li>\n<li>Umo\u017cliwiamy wyr\u00f3wnanie szans edukacyjnych wszystkim dzieciom oraz uwzgl\u0119dniamy w swoich dzia\u0142aniach potrzeby \u015brodowiska.<\/li>\n<li>Program przedszkola ukierunkowany jest na dziecko, jego potrzeby, umo\u017cliwia mu wszechstronny rozw\u00f3j osobowo\u015bci.<\/li>\n<li>Dzieci korzystaj\u0105 z nowoczesnych pomocy dydaktycznych, rozwijaj\u0105 swoje zainteresowania i zdolno\u015bci, dzia\u0142aj\u0105 metodami aktywnymi.<\/li>\n<li>Rodzice s\u0105 wsp\u00f3\u0142autorami \u017cycia przedszkola.<\/li>\n<li>Nad rozwojem dzieci czuwa wykwalifikowana, kompetentna, zaanga\u017cowana i odpowiedzialna kadra pedagogiczna, stosuj\u0105ca nowoczesne metody wychowania.<\/li>\n<li>Kierujemy si\u0119 zasadami wynikaj\u0105cymi z Konwencji Praw Dziecka, oraz powszechnie przyj\u0119tymi normami spo\u0142ecznymi i moralnymi.<\/li>\n<li>Kszta\u0142tujemy postaw\u0119 przynale\u017cno\u015bci do swojego kraju w zjednoczonej Europie.<\/li>\n<\/ul>\n<\/div>\n<\/div>\n","protected":false},"excerpt":{"rendered":"<p>Oferujemy oraz zapewniamy Wysoko wykwalifikowan\u0105 kadr\u0119 pedagogiczn\u0105. Mo\u017cliwo\u015b\u0107 korzystania z zaj\u0119\u0107 dodatkowych, takich jak: j. angielski, rytmika, gimnastyka korekcyjna, religia. Prac\u0119 najnowszymi metodami aktywizuj\u0105cymi. Prac\u0119 wg w\u0142asnych program\u00f3w autorskich w zakresie edukacji regionalnej, ekologicznej, europejskiej, zdrowotnej, muzycznej. Uczestnictwo w niekonwencjonalnych zaj\u0119ciach: wyjazdy do teatru, kina, zwiedzanie muze\u00f3w, skansen\u00f3w, wycieczki krajoznawcze. Misja przedszkola Przedszkole nasze jest [&hellip;]<\/p>\n","protected":false},"author":1,"featured_media":115,"parent":0,"menu_order":1,"comment_status":"open","ping_status":"open","template":"page-templates\/page-left-column.php","meta":{"footnotes":""},"class_list":["post-40","page","type-page","status-publish","has-post-thumbnail","hentry","has-featured-image"],"_links":{"self":[{"href":"https:\/\/przedszkole-alwernia.pl\/index.php?rest_route=\/wp\/v2\/pages\/40","targetHints":{"allow":["GET"]}}],"collection":[{"href":"https:\/\/przedszkole-alwernia.pl\/index.php?rest_route=\/wp\/v2\/pages"}],"about":[{"href":"https:\/\/przedszkole-alwernia.pl\/index.php?rest_route=\/wp\/v2\/types\/page"}],"author":[{"embeddable":true,"href":"https:\/\/przedszkole-alwernia.pl\/index.php?rest_route=\/wp\/v2\/users\/1"}],"replies":[{"embeddable":true,"href":"https:\/\/przedszkole-alwernia.pl\/index.php?rest_route=%2Fwp%2Fv2%2Fcomments&post=40"}],"version-history":[{"count":0,"href":"https:\/\/przedszkole-alwernia.pl\/index.php?rest_route=\/wp\/v2\/pages\/40\/revisions"}],"wp:featuredmedia":[{"embeddable":true,"href":"https:\/\/przedszkole-alwernia.pl\/index.php?rest_route=\/wp\/v2\/media\/115"}],"wp:attachment":[{"href":"https:\/\/przedszkole-alwernia.pl\/index.php?rest_route=%2Fwp%2Fv2%2Fmedia&parent=40"}],"curies":[{"name":"wp","href":"https:\/\/api.w.org\/{rel}","templated":true}]}}