{"id":44,"date":"2014-04-11T09:22:22","date_gmt":"2014-04-11T09:22:22","guid":{"rendered":"http:\/\/novarum.home.pl\/autoinstalator\/wordpress11\/?page_id=44"},"modified":"2023-11-28T11:19:52","modified_gmt":"2023-11-28T11:19:52","slug":"kontakt","status":"publish","type":"page","link":"https:\/\/przedszkole-alwernia.pl\/?page_id=44","title":{"rendered":"Kontakt"},"content":{"rendered":"<p style=\"text-align: center;\"><strong>PRZEDSZKOLE SAMORZ\u0104DOWE &#8222;T\u0118CZOWA KRAINA&#8221;<br \/>\n<\/strong><\/p>\n<p style=\"text-align: center;\">ul. Marii Sk\u0142odowskiej-Curie 2<\/p>\n<p style=\"text-align: center;\">32-566 Alwernia<\/p>\n<p style=\"text-align: center;\"><strong>\u00a0 \u00a0 \u00a0 \u00a0 \u00a0 \u00a0 \u00a0 \u00a0 \u00a0tel.: 12 283 16 52<\/strong><\/p>\n<p style=\"text-align: center;\"><strong>\u00a0 \u00a0 \u00a0 \u00a0 \u00a0 \u00a0 \u00a0 \u00a0 \u00a0 \u00a0 \u00a0 \u00a0 \u00a0 \u00a0 \u00a0 \u00a0 \u00a0 \u00a0 \u00a0 tel kom; 572640673\u00a0 \u00a0 \u00a0 \u00a0 \u00a0 \u00a0 \u00a0\u00a0<\/strong><\/p>\n<p style=\"text-align: center;\">Email: ps1alwernia@alwernia.pl<\/p>\n<p style=\"text-align: center;\">\n<p style=\"text-align: center;\"><strong><strong>PRZEDSZKOLE SAMORZ\u0104DOWE &#8222;T\u0118CZOWA KRAINA&#8221; FILIA GROJEC<\/strong><\/strong><\/p>\n<p style=\"text-align: center;\">ul. Bartosza G\u0142owackiego 13<\/p>\n<p style=\"text-align: center;\">32-566 Alwernia<\/p>\n<p style=\"text-align: center;\"><strong>tel.:<\/strong> <strong>12 283 24 44<\/strong><\/p>\n<p style=\"text-align: center;\">\u00a0 \u00a0 \u00a0 \u00a0 \u00a0<strong>tel kom: 508739896<\/strong><\/p>\n<p style=\"text-align: center;\">Email: ps1alwernia@alwernia.pl<\/p>\n","protected":false},"excerpt":{"rendered":"<p>PRZEDSZKOLE SAMORZ\u0104DOWE &#8222;T\u0118CZOWA KRAINA&#8221; ul. Marii Sk\u0142odowskiej-Curie 2 32-566 Alwernia \u00a0 \u00a0 \u00a0 \u00a0 \u00a0 \u00a0 \u00a0 \u00a0 \u00a0tel.: 12 283 16 52 \u00a0 \u00a0 \u00a0 \u00a0 \u00a0 \u00a0 \u00a0 \u00a0 \u00a0 \u00a0 \u00a0 \u00a0 \u00a0 \u00a0 \u00a0 \u00a0 \u00a0 \u00a0 \u00a0 tel kom; 572640673\u00a0 \u00a0 \u00a0 \u00a0 \u00a0 \u00a0 \u00a0\u00a0 Email: ps1alwernia@alwernia.pl PRZEDSZKOLE SAMORZ\u0104DOWE [&hellip;]<\/p>\n","protected":false},"author":1,"featured_media":115,"parent":0,"menu_order":4,"comment_status":"open","ping_status":"open","template":"page-templates\/page-full-width.php","meta":{"footnotes":""},"class_list":["post-44","page","type-page","status-publish","has-post-thumbnail","hentry","has-featured-image"],"_links":{"self":[{"href":"https:\/\/przedszkole-alwernia.pl\/index.php?rest_route=\/wp\/v2\/pages\/44","targetHints":{"allow":["GET"]}}],"collection":[{"href":"https:\/\/przedszkole-alwernia.pl\/index.php?rest_route=\/wp\/v2\/pages"}],"about":[{"href":"https:\/\/przedszkole-alwernia.pl\/index.php?rest_route=\/wp\/v2\/types\/page"}],"author":[{"embeddable":true,"href":"https:\/\/przedszkole-alwernia.pl\/index.php?rest_route=\/wp\/v2\/users\/1"}],"replies":[{"embeddable":true,"href":"https:\/\/przedszkole-alwernia.pl\/index.php?rest_route=%2Fwp%2Fv2%2Fcomments&post=44"}],"version-history":[{"count":6,"href":"https:\/\/przedszkole-alwernia.pl\/index.php?rest_route=\/wp\/v2\/pages\/44\/revisions"}],"predecessor-version":[{"id":22964,"href":"https:\/\/przedszkole-alwernia.pl\/index.php?rest_route=\/wp\/v2\/pages\/44\/revisions\/22964"}],"wp:featuredmedia":[{"embeddable":true,"href":"https:\/\/przedszkole-alwernia.pl\/index.php?rest_route=\/wp\/v2\/media\/115"}],"wp:attachment":[{"href":"https:\/\/przedszkole-alwernia.pl\/index.php?rest_route=%2Fwp%2Fv2%2Fmedia&parent=44"}],"curies":[{"name":"wp","href":"https:\/\/api.w.org\/{rel}","templated":true}]}}